{"id":25,"date":"2021-04-15T18:29:11","date_gmt":"2021-04-15T16:29:11","guid":{"rendered":"https:\/\/caledonian.es\/?page_id=25"},"modified":"2021-07-30T09:04:30","modified_gmt":"2021-07-30T07:04:30","slug":"aviso-legal","status":"publish","type":"page","link":"https:\/\/caledonian.es\/en\/aviso-legal\/","title":{"rendered":"Legal Notice"},"content":{"rendered":"<p>In order to comply with article 10 of Law 34\/2002 governing information society and electronic commerce services, we inform the user of our data:<\/p>\n<p class=\"translation-block\"><strong>Company Name:<\/strong> \nCaledonian Proyectos y Construcciones Singulares S.A.U.<br>\n<strong>Company Tax Number:<\/strong> A82239013<br>\n<strong>Business Address: <\/strong>\nAvenida Valdemar\u00edn 86, 28023 Madrid<br>\n<strong>Telephone:<\/strong>\n913579500<br>\n<strong>Registration data in the business registry:<\/strong>\nVolume 14034, Folio 31, Section 8, Sheet M-230296<\/p>","protected":false},"excerpt":{"rendered":"<p>Con la finalidad de dar cumplimiento al art\u00edculo 10 de la Ley 34\/2002 de Servicios de la Sociedad de la Informaci\u00f3n y Comercio Electr\u00f3nico, informamos al usuario de nuestros datos: Denominaci\u00f3n Social: Caledonian Proyectos y Construcciones Singulares S.A.U. CIF: A82239013 Domicilio Social: Avenida Valdemar\u00edn 86, 28023 Madrid Tel\u00e9fono: 913579500 Datos de inscripci\u00f3n en el registro [&hellip;]<\/p>","protected":false},"author":1,"featured_media":0,"parent":0,"menu_order":0,"comment_status":"closed","ping_status":"closed","template":"","meta":{"_acf_changed":false,"footnotes":""},"class_list":["post-25","page","type-page","status-publish","hentry"],"acf":[],"_links":{"self":[{"href":"https:\/\/caledonian.es\/en\/wp-json\/wp\/v2\/pages\/25","targetHints":{"allow":["GET"]}}],"collection":[{"href":"https:\/\/caledonian.es\/en\/wp-json\/wp\/v2\/pages"}],"about":[{"href":"https:\/\/caledonian.es\/en\/wp-json\/wp\/v2\/types\/page"}],"author":[{"embeddable":true,"href":"https:\/\/caledonian.es\/en\/wp-json\/wp\/v2\/users\/1"}],"replies":[{"embeddable":true,"href":"https:\/\/caledonian.es\/en\/wp-json\/wp\/v2\/comments?post=25"}],"version-history":[{"count":3,"href":"https:\/\/caledonian.es\/en\/wp-json\/wp\/v2\/pages\/25\/revisions"}],"predecessor-version":[{"id":508,"href":"https:\/\/caledonian.es\/en\/wp-json\/wp\/v2\/pages\/25\/revisions\/508"}],"wp:attachment":[{"href":"https:\/\/caledonian.es\/en\/wp-json\/wp\/v2\/media?parent=25"}],"curies":[{"name":"wp","href":"https:\/\/api.w.org\/{rel}","templated":true}]}}